{"id":3966,"date":"2020-10-14T12:41:53","date_gmt":"2020-10-14T16:41:53","guid":{"rendered":"https:\/\/precision-ims.com\/ims-precision-and-gomex-workshop\/"},"modified":"2021-04-27T09:40:47","modified_gmt":"2021-04-27T13:40:47","slug":"ims-precision-and-gomex-workshop","status":"publish","type":"page","link":"https:\/\/precision-ims.com\/en\/ims-precision-and-gomex-workshop\/","title":{"rendered":"IMS-precision-and-gomex-workshop"},"content":{"rendered":"\t\t<div data-elementor-type=\"wp-page\" data-elementor-id=\"3966\" class=\"elementor elementor-3966 elementor-3615\">\n\t\t\t\t\t\t<section class=\"elementor-section elementor-top-section elementor-element elementor-element-38db969 elementor-section-stretched elementor-section-boxed elementor-section-height-default elementor-section-height-default\" data-id=\"38db969\" data-element_type=\"section\" data-e-type=\"section\" data-settings=\"{&quot;background_background&quot;:&quot;slideshow&quot;,&quot;background_slideshow_gallery&quot;:[{&quot;id&quot;:2500,&quot;url&quot;:&quot;https:\\\/\\\/precision-ims.com\\\/wp-content\\\/uploads\\\/2020\\\/05\\\/News.png&quot;}],&quot;stretch_section&quot;:&quot;section-stretched&quot;,&quot;background_slideshow_loop&quot;:&quot;yes&quot;,&quot;background_slideshow_slide_duration&quot;:5000,&quot;background_slideshow_slide_transition&quot;:&quot;fade&quot;,&quot;background_slideshow_transition_duration&quot;:500}\">\n\t\t\t\t\t\t\t<div class=\"elementor-background-overlay\"><\/div>\n\t\t\t\t\t\t\t<div class=\"elementor-container elementor-column-gap-default\">\n\t\t\t\t\t<div class=\"elementor-column elementor-col-100 elementor-top-column elementor-element elementor-element-e8da238\" data-id=\"e8da238\" data-element_type=\"column\" data-e-type=\"column\">\n\t\t\t<div class=\"elementor-widget-wrap elementor-element-populated\">\n\t\t\t\t\t\t<div class=\"elementor-element elementor-element-8518f6a elementor-widget elementor-widget-spacer\" data-id=\"8518f6a\" data-element_type=\"widget\" data-e-type=\"widget\" data-widget_type=\"spacer.default\">\n\t\t\t\t<div class=\"elementor-widget-container\">\n\t\t\t\t\t\t\t<div class=\"elementor-spacer\">\n\t\t\t<div class=\"elementor-spacer-inner\"><\/div>\n\t\t<\/div>\n\t\t\t\t\t\t<\/div>\n\t\t\t\t<\/div>\n\t\t\t\t<div class=\"elementor-element elementor-element-94bdadf elementor-widget elementor-widget-heading\" data-id=\"94bdadf\" data-element_type=\"widget\" data-e-type=\"widget\" data-widget_type=\"heading.default\">\n\t\t\t\t<div class=\"elementor-widget-container\">\n\t\t\t\t\t<h1 class=\"elementor-heading-title elementor-size-default\">Pr\u00e9cision IMS and Gomex Workshop join forces for ever more complete services<\/h1>\t\t\t\t<\/div>\n\t\t\t\t<\/div>\n\t\t\t\t<div class=\"elementor-element elementor-element-3b32285 elementor-widget elementor-widget-heading\" data-id=\"3b32285\" data-element_type=\"widget\" data-e-type=\"widget\" data-widget_type=\"heading.default\">\n\t\t\t\t<div class=\"elementor-widget-container\">\n\t\t\t\t\t<h1 class=\"elementor-heading-title elementor-size-default\">2018, September, 2<\/h1>\t\t\t\t<\/div>\n\t\t\t\t<\/div>\n\t\t\t\t<div class=\"elementor-element elementor-element-3511793 elementor-widget elementor-widget-spacer\" data-id=\"3511793\" data-element_type=\"widget\" data-e-type=\"widget\" data-widget_type=\"spacer.default\">\n\t\t\t\t<div class=\"elementor-widget-container\">\n\t\t\t\t\t\t\t<div class=\"elementor-spacer\">\n\t\t\t<div class=\"elementor-spacer-inner\"><\/div>\n\t\t<\/div>\n\t\t\t\t\t\t<\/div>\n\t\t\t\t<\/div>\n\t\t\t\t\t<\/div>\n\t\t<\/div>\n\t\t\t\t\t<\/div>\n\t\t<\/section>\n\t\t\t\t<section class=\"elementor-section elementor-top-section elementor-element elementor-element-ed0223d elementor-section-boxed elementor-section-height-default elementor-section-height-default\" data-id=\"ed0223d\" data-element_type=\"section\" data-e-type=\"section\">\n\t\t\t\t\t\t<div class=\"elementor-container elementor-column-gap-default\">\n\t\t\t\t\t<div class=\"elementor-column elementor-col-100 elementor-top-column elementor-element elementor-element-1b710e8\" data-id=\"1b710e8\" data-element_type=\"column\" data-e-type=\"column\">\n\t\t\t<div class=\"elementor-widget-wrap elementor-element-populated\">\n\t\t\t\t\t\t<div class=\"elementor-element elementor-element-9a274ad elementor-widget elementor-widget-spacer\" data-id=\"9a274ad\" data-element_type=\"widget\" data-e-type=\"widget\" data-widget_type=\"spacer.default\">\n\t\t\t\t<div class=\"elementor-widget-container\">\n\t\t\t\t\t\t\t<div class=\"elementor-spacer\">\n\t\t\t<div class=\"elementor-spacer-inner\"><\/div>\n\t\t<\/div>\n\t\t\t\t\t\t<\/div>\n\t\t\t\t<\/div>\n\t\t\t\t<div class=\"elementor-element elementor-element-a4a9a96 elementor-widget elementor-widget-text-editor\" data-id=\"a4a9a96\" data-element_type=\"widget\" data-e-type=\"widget\" data-widget_type=\"text-editor.default\">\n\t\t\t\t<div class=\"elementor-widget-container\">\n\t\t\t\t\t\t\t\t\t<p>Let&#8217;s take a step back and go back for a few moments to 2018. It was during this year that Precision IMS (formerly Usinage Multiconcept) decided to join forces with Gomex Workshop to complete its range of services.<\/p>\n<p>Gomex Workshop is specialized in machining by numerical and conventional control as well as in the manufacturing of mechanically welded assembly parts. At Gomex Workshop, we manage complex projects that meet the high quality standards on which our teams work every day. To tell you a little more about the services Gomex Workshop can offer you :<\/p>\n<p>&#8211; Welding fabrication: with a department specializing in stainless steel, Gomex Workshop is also specialized in the fabrication and repair of transformer housings of various models.<\/p>\n<p>&#8211; Mechanical assembly: whatever the need, Gomex Workshop will accompany you for turnkey projects, ready to be installed.<\/p>\n<p>&#8211; Digital machining: to allow you to obtain projects with very small or very large production quantities, in different dimensions.<\/p>\n<p>&#8211; Conventional machining: the space and machining capacity of the equipment allow Gomex Workshop to manufacture large parts.<\/p>\n\t\t\t\t\t\t\t\t<\/div>\n\t\t\t\t<\/div>\n\t\t\t\t\t<\/div>\n\t\t<\/div>\n\t\t\t\t\t<\/div>\n\t\t<\/section>\n\t\t\t\t<section class=\"elementor-section elementor-top-section elementor-element elementor-element-e7c0a34 elementor-section-boxed elementor-section-height-default elementor-section-height-default\" data-id=\"e7c0a34\" data-element_type=\"section\" data-e-type=\"section\">\n\t\t\t\t\t\t<div class=\"elementor-container elementor-column-gap-default\">\n\t\t\t\t\t<div class=\"elementor-column elementor-col-50 elementor-top-column elementor-element elementor-element-dda7113\" data-id=\"dda7113\" data-element_type=\"column\" data-e-type=\"column\">\n\t\t\t<div class=\"elementor-widget-wrap elementor-element-populated\">\n\t\t\t\t\t\t<div class=\"elementor-element elementor-element-0866b10 elementor-widget elementor-widget-text-editor\" data-id=\"0866b10\" data-element_type=\"widget\" data-e-type=\"widget\" data-widget_type=\"text-editor.default\">\n\t\t\t\t<div class=\"elementor-widget-container\">\n\t\t\t\t\t\t\t\t\t<p>The objective of this merger is to make better use of the means of production in order to offer you complete, efficient, precise and innovative services.<\/p>\n<p>We are now present in Montreal and Trois Rivi\u00e8res. Discover Gomex Workshop!<\/p>\n\t\t\t\t\t\t\t\t<\/div>\n\t\t\t\t<\/div>\n\t\t\t\t\t<\/div>\n\t\t<\/div>\n\t\t\t\t<div class=\"elementor-column elementor-col-50 elementor-top-column elementor-element elementor-element-4413a56\" data-id=\"4413a56\" data-element_type=\"column\" data-e-type=\"column\">\n\t\t\t<div class=\"elementor-widget-wrap elementor-element-populated\">\n\t\t\t\t\t\t<div class=\"elementor-element elementor-element-9b878a7 elementor-widget elementor-widget-image\" data-id=\"9b878a7\" data-element_type=\"widget\" data-e-type=\"widget\" data-widget_type=\"image.default\">\n\t\t\t\t<div class=\"elementor-widget-container\">\n\t\t\t\t\t\t\t\t\t\t\t\t\t\t\t<img fetchpriority=\"high\" decoding=\"async\" width=\"1024\" height=\"527\" src=\"https:\/\/precision-ims.com\/wp-content\/uploads\/2020\/08\/IMSxGOMEX-1024x527.png\" class=\"attachment-large size-large wp-image-3673\" alt=\"Precision IMS and Atelier Gomex join together\" srcset=\"https:\/\/precision-ims.com\/wp-content\/uploads\/2020\/08\/IMSxGOMEX-1024x527.png 1024w, https:\/\/precision-ims.com\/wp-content\/uploads\/2020\/08\/IMSxGOMEX-300x154.png 300w, https:\/\/precision-ims.com\/wp-content\/uploads\/2020\/08\/IMSxGOMEX-768x395.png 768w, https:\/\/precision-ims.com\/wp-content\/uploads\/2020\/08\/IMSxGOMEX.png 1476w\" sizes=\"(max-width: 1024px) 100vw, 1024px\" \/>\t\t\t\t\t\t\t\t\t\t\t\t\t\t\t<\/div>\n\t\t\t\t<\/div>\n\t\t\t\t<div class=\"elementor-element elementor-element-931f0dd elementor-widget elementor-widget-spacer\" data-id=\"931f0dd\" data-element_type=\"widget\" data-e-type=\"widget\" data-widget_type=\"spacer.default\">\n\t\t\t\t<div class=\"elementor-widget-container\">\n\t\t\t\t\t\t\t<div class=\"elementor-spacer\">\n\t\t\t<div class=\"elementor-spacer-inner\"><\/div>\n\t\t<\/div>\n\t\t\t\t\t\t<\/div>\n\t\t\t\t<\/div>\n\t\t\t\t\t<\/div>\n\t\t<\/div>\n\t\t\t\t\t<\/div>\n\t\t<\/section>\n\t\t\t\t<section class=\"elementor-section elementor-top-section elementor-element elementor-element-14b9ffd elementor-section-stretched elementor-section-boxed elementor-section-height-default elementor-section-height-default\" data-id=\"14b9ffd\" data-element_type=\"section\" data-e-type=\"section\" data-settings=\"{&quot;background_background&quot;:&quot;gradient&quot;,&quot;stretch_section&quot;:&quot;section-stretched&quot;}\">\n\t\t\t\t\t\t\t<div class=\"elementor-background-overlay\"><\/div>\n\t\t\t\t\t\t\t<div class=\"elementor-container elementor-column-gap-default\">\n\t\t\t\t\t<div class=\"elementor-column elementor-col-100 elementor-top-column elementor-element elementor-element-d966bba\" data-id=\"d966bba\" data-element_type=\"column\" data-e-type=\"column\">\n\t\t\t<div class=\"elementor-widget-wrap elementor-element-populated\">\n\t\t\t\t\t\t<div class=\"elementor-element elementor-element-959f74b elementor-widget elementor-widget-spacer\" data-id=\"959f74b\" data-element_type=\"widget\" data-e-type=\"widget\" data-widget_type=\"spacer.default\">\n\t\t\t\t<div class=\"elementor-widget-container\">\n\t\t\t\t\t\t\t<div class=\"elementor-spacer\">\n\t\t\t<div class=\"elementor-spacer-inner\"><\/div>\n\t\t<\/div>\n\t\t\t\t\t\t<\/div>\n\t\t\t\t<\/div>\n\t\t\t\t<div class=\"elementor-element elementor-element-1699aeb elementor-widget elementor-widget-heading\" data-id=\"1699aeb\" data-element_type=\"widget\" data-e-type=\"widget\" data-widget_type=\"heading.default\">\n\t\t\t\t<div class=\"elementor-widget-container\">\n\t\t\t\t\t<h2 class=\"elementor-heading-title elementor-size-default\">Follow us!<\/h2>\t\t\t\t<\/div>\n\t\t\t\t<\/div>\n\t\t\t\t<div class=\"elementor-element elementor-element-086f5f1 elementor-widget-divider--view-line elementor-widget elementor-widget-divider\" data-id=\"086f5f1\" data-element_type=\"widget\" data-e-type=\"widget\" data-widget_type=\"divider.default\">\n\t\t\t\t<div class=\"elementor-widget-container\">\n\t\t\t\t\t\t\t<div class=\"elementor-divider\">\n\t\t\t<span class=\"elementor-divider-separator\">\n\t\t\t\t\t\t<\/span>\n\t\t<\/div>\n\t\t\t\t\t\t<\/div>\n\t\t\t\t<\/div>\n\t\t\t\t<div class=\"elementor-element elementor-element-5c54608 elementor-widget elementor-widget-spacer\" data-id=\"5c54608\" data-element_type=\"widget\" data-e-type=\"widget\" data-widget_type=\"spacer.default\">\n\t\t\t\t<div class=\"elementor-widget-container\">\n\t\t\t\t\t\t\t<div class=\"elementor-spacer\">\n\t\t\t<div class=\"elementor-spacer-inner\"><\/div>\n\t\t<\/div>\n\t\t\t\t\t\t<\/div>\n\t\t\t\t<\/div>\n\t\t\t\t<div class=\"elementor-element elementor-element-d4e2a50 elementor-shape-circle elementor-grid-0 e-grid-align-center elementor-widget elementor-widget-social-icons\" data-id=\"d4e2a50\" data-element_type=\"widget\" data-e-type=\"widget\" data-widget_type=\"social-icons.default\">\n\t\t\t\t<div class=\"elementor-widget-container\">\n\t\t\t\t\t\t\t<div class=\"elementor-social-icons-wrapper elementor-grid\">\n\t\t\t\t\t\t\t<span class=\"elementor-grid-item\">\n\t\t\t\t\t<a class=\"elementor-icon elementor-social-icon elementor-social-icon-linkedin elementor-repeater-item-663134f\" href=\"https:\/\/www.linkedin.com\/company\/precision-ims\/\" target=\"_blank\">\n\t\t\t\t\t\t<span class=\"elementor-screen-only\">Linkedin<\/span>\n\t\t\t\t\t\t<i aria-hidden=\"true\" class=\"fab fa-linkedin\"><\/i>\t\t\t\t\t<\/a>\n\t\t\t\t<\/span>\n\t\t\t\t\t<\/div>\n\t\t\t\t\t\t<\/div>\n\t\t\t\t<\/div>\n\t\t\t\t<div class=\"elementor-element elementor-element-1f6ec12 elementor-widget elementor-widget-spacer\" data-id=\"1f6ec12\" data-element_type=\"widget\" data-e-type=\"widget\" data-widget_type=\"spacer.default\">\n\t\t\t\t<div class=\"elementor-widget-container\">\n\t\t\t\t\t\t\t<div class=\"elementor-spacer\">\n\t\t\t<div class=\"elementor-spacer-inner\"><\/div>\n\t\t<\/div>\n\t\t\t\t\t\t<\/div>\n\t\t\t\t<\/div>\n\t\t\t\t\t<\/div>\n\t\t<\/div>\n\t\t\t\t\t<\/div>\n\t\t<\/section>\n\t\t\t\t<\/div>\n\t\t","protected":false},"excerpt":{"rendered":"<p>Pr\u00e9cision IMS and Gomex Workshop join forces for ever more complete services 2018, September, 2 Let&#8217;s take a step back and go back for a few moments to 2018. It was during this year that Precision IMS (formerly Usinage Multiconcept) decided to join forces with Gomex Workshop to complete its range of services. Gomex Workshop [&hellip;]<\/p>\n","protected":false},"author":180478798,"featured_media":0,"parent":0,"menu_order":0,"comment_status":"closed","ping_status":"closed","template":"","meta":{"ocean_post_layout":"","ocean_both_sidebars_style":"","ocean_both_sidebars_content_width":0,"ocean_both_sidebars_sidebars_width":0,"ocean_sidebar":"0","ocean_second_sidebar":"0","ocean_disable_margins":"enable","ocean_add_body_class":"","ocean_shortcode_before_top_bar":"","ocean_shortcode_after_top_bar":"","ocean_shortcode_before_header":"","ocean_shortcode_after_header":"","ocean_has_shortcode":"","ocean_shortcode_after_title":"","ocean_shortcode_before_footer_widgets":"","ocean_shortcode_after_footer_widgets":"","ocean_shortcode_before_footer_bottom":"","ocean_shortcode_after_footer_bottom":"","ocean_display_top_bar":"default","ocean_display_header":"default","ocean_header_style":"","ocean_center_header_left_menu":"0","ocean_custom_header_template":"0","ocean_custom_logo":0,"ocean_custom_retina_logo":0,"ocean_custom_logo_max_width":0,"ocean_custom_logo_tablet_max_width":0,"ocean_custom_logo_mobile_max_width":0,"ocean_custom_logo_max_height":0,"ocean_custom_logo_tablet_max_height":0,"ocean_custom_logo_mobile_max_height":0,"ocean_header_custom_menu":"0","ocean_menu_typo_font_family":"0","ocean_menu_typo_font_subset":"","ocean_menu_typo_font_size":0,"ocean_menu_typo_font_size_tablet":0,"ocean_menu_typo_font_size_mobile":0,"ocean_menu_typo_font_size_unit":"px","ocean_menu_typo_font_weight":"","ocean_menu_typo_font_weight_tablet":"","ocean_menu_typo_font_weight_mobile":"","ocean_menu_typo_transform":"","ocean_menu_typo_transform_tablet":"","ocean_menu_typo_transform_mobile":"","ocean_menu_typo_line_height":0,"ocean_menu_typo_line_height_tablet":0,"ocean_menu_typo_line_height_mobile":0,"ocean_menu_typo_line_height_unit":"","ocean_menu_typo_spacing":0,"ocean_menu_typo_spacing_tablet":0,"ocean_menu_typo_spacing_mobile":0,"ocean_menu_typo_spacing_unit":"","ocean_menu_link_color":"","ocean_menu_link_color_hover":"","ocean_menu_link_color_active":"","ocean_menu_link_background":"","ocean_menu_link_hover_background":"","ocean_menu_link_active_background":"","ocean_menu_social_links_bg":"","ocean_menu_social_hover_links_bg":"","ocean_menu_social_links_color":"","ocean_menu_social_hover_links_color":"","ocean_disable_title":"default","ocean_disable_heading":"default","ocean_post_title":"","ocean_post_subheading":"","ocean_post_title_style":"","ocean_post_title_background_color":"","ocean_post_title_background":0,"ocean_post_title_bg_image_position":"","ocean_post_title_bg_image_attachment":"","ocean_post_title_bg_image_repeat":"","ocean_post_title_bg_image_size":"","ocean_post_title_height":0,"ocean_post_title_bg_overlay":0.5,"ocean_post_title_bg_overlay_color":"","ocean_disable_breadcrumbs":"default","ocean_breadcrumbs_color":"","ocean_breadcrumbs_separator_color":"","ocean_breadcrumbs_links_color":"","ocean_breadcrumbs_links_hover_color":"","ocean_display_footer_widgets":"default","ocean_display_footer_bottom":"default","ocean_custom_footer_template":"0","footnotes":""},"class_list":["post-3966","page","type-page","status-publish","hentry","entry"],"yoast_head":"<!-- This site is optimized with the Yoast SEO plugin v27.4 - https:\/\/yoast.com\/product\/yoast-seo-wordpress\/ -->\n<title>Precision IMS - Atelier Gomex - companies unite<\/title>\n<meta name=\"description\" content=\"Precision IMS and Atelier Gomex have decided to join forces to form a group in order to offer even more complete services to their customers\" \/>\n<meta name=\"robots\" content=\"index, follow, max-snippet:-1, max-image-preview:large, max-video-preview:-1\" \/>\n<link rel=\"canonical\" href=\"https:\/\/precision-ims.com\/en\/ims-precision-and-gomex-workshop\/\" \/>\n<meta property=\"og:locale\" content=\"en_US\" \/>\n<meta property=\"og:type\" content=\"article\" \/>\n<meta property=\"og:title\" content=\"Precision IMS - Atelier Gomex - companies unite\" \/>\n<meta property=\"og:description\" content=\"Precision IMS and Atelier Gomex have decided to join forces to form a group in order to offer even more complete services to their customers\" \/>\n<meta property=\"og:url\" content=\"https:\/\/precision-ims.com\/en\/ims-precision-and-gomex-workshop\/\" \/>\n<meta property=\"og:site_name\" content=\"Precision IMS\" \/>\n<meta property=\"article:modified_time\" content=\"2021-04-27T13:40:47+00:00\" \/>\n<meta property=\"og:image\" content=\"https:\/\/precision-ims.com\/wp-content\/uploads\/2020\/08\/IMSxGOMEX-1024x527.png\" \/>\n<meta name=\"twitter:card\" content=\"summary_large_image\" \/>\n<meta name=\"twitter:label1\" content=\"Est. reading time\" \/>\n\t<meta name=\"twitter:data1\" content=\"1 minute\" \/>\n<script type=\"application\/ld+json\" class=\"yoast-schema-graph\">{\"@context\":\"https:\\\/\\\/schema.org\",\"@graph\":[{\"@type\":\"WebPage\",\"@id\":\"https:\\\/\\\/precision-ims.com\\\/en\\\/ims-precision-and-gomex-workshop\\\/\",\"url\":\"https:\\\/\\\/precision-ims.com\\\/en\\\/ims-precision-and-gomex-workshop\\\/\",\"name\":\"Precision IMS - Atelier Gomex - companies unite\",\"isPartOf\":{\"@id\":\"https:\\\/\\\/precision-ims.com\\\/en\\\/#website\"},\"primaryImageOfPage\":{\"@id\":\"https:\\\/\\\/precision-ims.com\\\/en\\\/ims-precision-and-gomex-workshop\\\/#primaryimage\"},\"image\":{\"@id\":\"https:\\\/\\\/precision-ims.com\\\/en\\\/ims-precision-and-gomex-workshop\\\/#primaryimage\"},\"thumbnailUrl\":\"https:\\\/\\\/precision-ims.com\\\/wp-content\\\/uploads\\\/2020\\\/08\\\/IMSxGOMEX-1024x527.png\",\"datePublished\":\"2020-10-14T16:41:53+00:00\",\"dateModified\":\"2021-04-27T13:40:47+00:00\",\"description\":\"Precision IMS and Atelier Gomex have decided to join forces to form a group in order to offer even more complete services to their customers\",\"breadcrumb\":{\"@id\":\"https:\\\/\\\/precision-ims.com\\\/en\\\/ims-precision-and-gomex-workshop\\\/#breadcrumb\"},\"inLanguage\":\"en-US\",\"potentialAction\":[{\"@type\":\"ReadAction\",\"target\":[\"https:\\\/\\\/precision-ims.com\\\/en\\\/ims-precision-and-gomex-workshop\\\/\"]}]},{\"@type\":\"ImageObject\",\"inLanguage\":\"en-US\",\"@id\":\"https:\\\/\\\/precision-ims.com\\\/en\\\/ims-precision-and-gomex-workshop\\\/#primaryimage\",\"url\":\"https:\\\/\\\/precision-ims.com\\\/wp-content\\\/uploads\\\/2020\\\/08\\\/IMSxGOMEX-1024x527.png\",\"contentUrl\":\"https:\\\/\\\/precision-ims.com\\\/wp-content\\\/uploads\\\/2020\\\/08\\\/IMSxGOMEX-1024x527.png\"},{\"@type\":\"BreadcrumbList\",\"@id\":\"https:\\\/\\\/precision-ims.com\\\/en\\\/ims-precision-and-gomex-workshop\\\/#breadcrumb\",\"itemListElement\":[{\"@type\":\"ListItem\",\"position\":1,\"name\":\"Accueil\",\"item\":\"https:\\\/\\\/precision-ims.com\\\/en\\\/\"},{\"@type\":\"ListItem\",\"position\":2,\"name\":\"IMS-precision-and-gomex-workshop\"}]},{\"@type\":\"WebSite\",\"@id\":\"https:\\\/\\\/precision-ims.com\\\/en\\\/#website\",\"url\":\"https:\\\/\\\/precision-ims.com\\\/en\\\/\",\"name\":\"Precision IMS\",\"description\":\"Precision IMS, 20 ans d&#039;exp\u00e9rience dans la conception, fabrication et optimisation de moules, pi\u00e8ces m\u00e9talliques et de pr\u00e9cision.\",\"publisher\":{\"@id\":\"https:\\\/\\\/precision-ims.com\\\/en\\\/#organization\"},\"potentialAction\":[{\"@type\":\"SearchAction\",\"target\":{\"@type\":\"EntryPoint\",\"urlTemplate\":\"https:\\\/\\\/precision-ims.com\\\/en\\\/?s={search_term_string}\"},\"query-input\":{\"@type\":\"PropertyValueSpecification\",\"valueRequired\":true,\"valueName\":\"search_term_string\"}}],\"inLanguage\":\"en-US\"},{\"@type\":\"Organization\",\"@id\":\"https:\\\/\\\/precision-ims.com\\\/en\\\/#organization\",\"name\":\"Precision IMS\",\"url\":\"https:\\\/\\\/precision-ims.com\\\/en\\\/\",\"logo\":{\"@type\":\"ImageObject\",\"inLanguage\":\"en-US\",\"@id\":\"https:\\\/\\\/precision-ims.com\\\/en\\\/#\\\/schema\\\/logo\\\/image\\\/\",\"url\":\"https:\\\/\\\/precision-ims.com\\\/wp-content\\\/uploads\\\/2020\\\/05\\\/Precision-IMS-PNG-Couleur.png\",\"contentUrl\":\"https:\\\/\\\/precision-ims.com\\\/wp-content\\\/uploads\\\/2020\\\/05\\\/Precision-IMS-PNG-Couleur.png\",\"width\":850,\"height\":850,\"caption\":\"Precision IMS\"},\"image\":{\"@id\":\"https:\\\/\\\/precision-ims.com\\\/en\\\/#\\\/schema\\\/logo\\\/image\\\/\"},\"sameAs\":[\"https:\\\/\\\/www.linkedin.com\\\/company\\\/usinage-multiconcept\\\/\"]}]}<\/script>\n<!-- \/ Yoast SEO plugin. -->","yoast_head_json":{"title":"Precision IMS - Atelier Gomex - companies unite","description":"Precision IMS and Atelier Gomex have decided to join forces to form a group in order to offer even more complete services to their customers","robots":{"index":"index","follow":"follow","max-snippet":"max-snippet:-1","max-image-preview":"max-image-preview:large","max-video-preview":"max-video-preview:-1"},"canonical":"https:\/\/precision-ims.com\/en\/ims-precision-and-gomex-workshop\/","og_locale":"en_US","og_type":"article","og_title":"Precision IMS - Atelier Gomex - companies unite","og_description":"Precision IMS and Atelier Gomex have decided to join forces to form a group in order to offer even more complete services to their customers","og_url":"https:\/\/precision-ims.com\/en\/ims-precision-and-gomex-workshop\/","og_site_name":"Precision IMS","article_modified_time":"2021-04-27T13:40:47+00:00","og_image":[{"url":"https:\/\/precision-ims.com\/wp-content\/uploads\/2020\/08\/IMSxGOMEX-1024x527.png","type":"","width":"","height":""}],"twitter_card":"summary_large_image","twitter_misc":{"Est. reading time":"1 minute"},"schema":{"@context":"https:\/\/schema.org","@graph":[{"@type":"WebPage","@id":"https:\/\/precision-ims.com\/en\/ims-precision-and-gomex-workshop\/","url":"https:\/\/precision-ims.com\/en\/ims-precision-and-gomex-workshop\/","name":"Precision IMS - Atelier Gomex - companies unite","isPartOf":{"@id":"https:\/\/precision-ims.com\/en\/#website"},"primaryImageOfPage":{"@id":"https:\/\/precision-ims.com\/en\/ims-precision-and-gomex-workshop\/#primaryimage"},"image":{"@id":"https:\/\/precision-ims.com\/en\/ims-precision-and-gomex-workshop\/#primaryimage"},"thumbnailUrl":"https:\/\/precision-ims.com\/wp-content\/uploads\/2020\/08\/IMSxGOMEX-1024x527.png","datePublished":"2020-10-14T16:41:53+00:00","dateModified":"2021-04-27T13:40:47+00:00","description":"Precision IMS and Atelier Gomex have decided to join forces to form a group in order to offer even more complete services to their customers","breadcrumb":{"@id":"https:\/\/precision-ims.com\/en\/ims-precision-and-gomex-workshop\/#breadcrumb"},"inLanguage":"en-US","potentialAction":[{"@type":"ReadAction","target":["https:\/\/precision-ims.com\/en\/ims-precision-and-gomex-workshop\/"]}]},{"@type":"ImageObject","inLanguage":"en-US","@id":"https:\/\/precision-ims.com\/en\/ims-precision-and-gomex-workshop\/#primaryimage","url":"https:\/\/precision-ims.com\/wp-content\/uploads\/2020\/08\/IMSxGOMEX-1024x527.png","contentUrl":"https:\/\/precision-ims.com\/wp-content\/uploads\/2020\/08\/IMSxGOMEX-1024x527.png"},{"@type":"BreadcrumbList","@id":"https:\/\/precision-ims.com\/en\/ims-precision-and-gomex-workshop\/#breadcrumb","itemListElement":[{"@type":"ListItem","position":1,"name":"Accueil","item":"https:\/\/precision-ims.com\/en\/"},{"@type":"ListItem","position":2,"name":"IMS-precision-and-gomex-workshop"}]},{"@type":"WebSite","@id":"https:\/\/precision-ims.com\/en\/#website","url":"https:\/\/precision-ims.com\/en\/","name":"Precision IMS","description":"Precision IMS, 20 ans d&#039;exp\u00e9rience dans la conception, fabrication et optimisation de moules, pi\u00e8ces m\u00e9talliques et de pr\u00e9cision.","publisher":{"@id":"https:\/\/precision-ims.com\/en\/#organization"},"potentialAction":[{"@type":"SearchAction","target":{"@type":"EntryPoint","urlTemplate":"https:\/\/precision-ims.com\/en\/?s={search_term_string}"},"query-input":{"@type":"PropertyValueSpecification","valueRequired":true,"valueName":"search_term_string"}}],"inLanguage":"en-US"},{"@type":"Organization","@id":"https:\/\/precision-ims.com\/en\/#organization","name":"Precision IMS","url":"https:\/\/precision-ims.com\/en\/","logo":{"@type":"ImageObject","inLanguage":"en-US","@id":"https:\/\/precision-ims.com\/en\/#\/schema\/logo\/image\/","url":"https:\/\/precision-ims.com\/wp-content\/uploads\/2020\/05\/Precision-IMS-PNG-Couleur.png","contentUrl":"https:\/\/precision-ims.com\/wp-content\/uploads\/2020\/05\/Precision-IMS-PNG-Couleur.png","width":850,"height":850,"caption":"Precision IMS"},"image":{"@id":"https:\/\/precision-ims.com\/en\/#\/schema\/logo\/image\/"},"sameAs":["https:\/\/www.linkedin.com\/company\/usinage-multiconcept\/"]}]}},"_links":{"self":[{"href":"https:\/\/precision-ims.com\/en\/wp-json\/wp\/v2\/pages\/3966","targetHints":{"allow":["GET"]}}],"collection":[{"href":"https:\/\/precision-ims.com\/en\/wp-json\/wp\/v2\/pages"}],"about":[{"href":"https:\/\/precision-ims.com\/en\/wp-json\/wp\/v2\/types\/page"}],"author":[{"embeddable":true,"href":"https:\/\/precision-ims.com\/en\/wp-json\/wp\/v2\/users\/180478798"}],"replies":[{"embeddable":true,"href":"https:\/\/precision-ims.com\/en\/wp-json\/wp\/v2\/comments?post=3966"}],"version-history":[{"count":9,"href":"https:\/\/precision-ims.com\/en\/wp-json\/wp\/v2\/pages\/3966\/revisions"}],"predecessor-version":[{"id":6417,"href":"https:\/\/precision-ims.com\/en\/wp-json\/wp\/v2\/pages\/3966\/revisions\/6417"}],"wp:attachment":[{"href":"https:\/\/precision-ims.com\/en\/wp-json\/wp\/v2\/media?parent=3966"}],"curies":[{"name":"wp","href":"https:\/\/api.w.org\/{rel}","templated":true}]}}