{"id":3897,"date":"2020-10-14T11:05:53","date_gmt":"2020-10-14T15:05:53","guid":{"rendered":"https:\/\/precision-ims.com\/contact-and-quotes\/"},"modified":"2021-04-12T15:33:15","modified_gmt":"2021-04-12T19:33:15","slug":"contact-and-quotes","status":"publish","type":"page","link":"https:\/\/precision-ims.com\/en\/contact-and-quotes\/","title":{"rendered":"Contact and quotes"},"content":{"rendered":"\t\t<div data-elementor-type=\"wp-page\" data-elementor-id=\"3897\" class=\"elementor elementor-3897 elementor-398\">\n\t\t\t\t\t\t<section class=\"elementor-section elementor-top-section elementor-element elementor-element-eacec92 elementor-section-boxed elementor-section-height-default elementor-section-height-default\" data-id=\"eacec92\" data-element_type=\"section\" data-e-type=\"section\" data-settings=\"{&quot;background_background&quot;:&quot;classic&quot;}\">\n\t\t\t\t\t\t\t<div class=\"elementor-background-overlay\"><\/div>\n\t\t\t\t\t\t\t<div class=\"elementor-container elementor-column-gap-default\">\n\t\t\t\t\t<div class=\"elementor-column elementor-col-100 elementor-top-column elementor-element elementor-element-12af86b\" data-id=\"12af86b\" data-element_type=\"column\" data-e-type=\"column\" data-settings=\"{&quot;background_background&quot;:&quot;slideshow&quot;,&quot;background_slideshow_gallery&quot;:[],&quot;background_slideshow_loop&quot;:&quot;yes&quot;,&quot;background_slideshow_slide_duration&quot;:5000,&quot;background_slideshow_slide_transition&quot;:&quot;fade&quot;,&quot;background_slideshow_transition_duration&quot;:500}\">\n\t\t\t<div class=\"elementor-widget-wrap elementor-element-populated\">\n\t\t\t\t\t\t<div class=\"elementor-element elementor-element-abb70a8 elementor-widget elementor-widget-spacer\" data-id=\"abb70a8\" data-element_type=\"widget\" data-e-type=\"widget\" data-widget_type=\"spacer.default\">\n\t\t\t\t<div class=\"elementor-widget-container\">\n\t\t\t\t\t\t\t<div class=\"elementor-spacer\">\n\t\t\t<div class=\"elementor-spacer-inner\"><\/div>\n\t\t<\/div>\n\t\t\t\t\t\t<\/div>\n\t\t\t\t<\/div>\n\t\t\t\t<div class=\"elementor-element elementor-element-0ac6e59 elementor-widget elementor-widget-heading\" data-id=\"0ac6e59\" data-element_type=\"widget\" data-e-type=\"widget\" data-widget_type=\"heading.default\">\n\t\t\t\t<div class=\"elementor-widget-container\">\n\t\t\t\t\t<h1 class=\"elementor-heading-title elementor-size-default\">Contact and quotes<\/h1>\t\t\t\t<\/div>\n\t\t\t\t<\/div>\n\t\t\t\t<div class=\"elementor-element elementor-element-a924ff9 elementor-widget elementor-widget-spacer\" data-id=\"a924ff9\" data-element_type=\"widget\" data-e-type=\"widget\" data-widget_type=\"spacer.default\">\n\t\t\t\t<div class=\"elementor-widget-container\">\n\t\t\t\t\t\t\t<div class=\"elementor-spacer\">\n\t\t\t<div class=\"elementor-spacer-inner\"><\/div>\n\t\t<\/div>\n\t\t\t\t\t\t<\/div>\n\t\t\t\t<\/div>\n\t\t\t\t\t<\/div>\n\t\t<\/div>\n\t\t\t\t\t<\/div>\n\t\t<\/section>\n\t\t\t\t<section class=\"elementor-section elementor-top-section elementor-element elementor-element-39653a5 elementor-section-height-min-height elementor-section-boxed elementor-section-height-default elementor-section-items-middle\" data-id=\"39653a5\" data-element_type=\"section\" data-e-type=\"section\">\n\t\t\t\t\t\t<div class=\"elementor-container elementor-column-gap-custom\">\n\t\t\t\t\t<div class=\"elementor-column elementor-col-50 elementor-top-column elementor-element elementor-element-431893b\" data-id=\"431893b\" data-element_type=\"column\" data-e-type=\"column\">\n\t\t\t<div class=\"elementor-widget-wrap elementor-element-populated\">\n\t\t\t\t\t\t<div class=\"elementor-element elementor-element-3267829 elementor-widget elementor-widget-heading\" data-id=\"3267829\" data-element_type=\"widget\" data-e-type=\"widget\" data-widget_type=\"heading.default\">\n\t\t\t\t<div class=\"elementor-widget-container\">\n\t\t\t\t\t<h2 class=\"elementor-heading-title elementor-size-default\">Montreal<\/h2>\t\t\t\t<\/div>\n\t\t\t\t<\/div>\n\t\t\t\t<div class=\"elementor-element elementor-element-10f7621 elementor-widget elementor-widget-spacer\" data-id=\"10f7621\" data-element_type=\"widget\" data-e-type=\"widget\" data-widget_type=\"spacer.default\">\n\t\t\t\t<div class=\"elementor-widget-container\">\n\t\t\t\t\t\t\t<div class=\"elementor-spacer\">\n\t\t\t<div class=\"elementor-spacer-inner\"><\/div>\n\t\t<\/div>\n\t\t\t\t\t\t<\/div>\n\t\t\t\t<\/div>\n\t\t\t\t<div class=\"elementor-element elementor-element-d0673ad elementor-widget elementor-widget-text-editor\" data-id=\"d0673ad\" data-element_type=\"widget\" data-e-type=\"widget\" data-widget_type=\"text-editor.default\">\n\t\t\t\t<div class=\"elementor-widget-container\">\n\t\t\t\t\t\t\t\t\t<p>2614 Rue Lapierre<\/p>\n<p>Lasalle, QC<\/p>\n<p>H8N 2W9<\/p>\n<p><b>T\u00a0<span style=\"color: #202124; font-family: 'Google Sans', Roboto, sans-serif; font-size: 2rem; font-style: normal; font-variant-ligatures: normal; font-variant-caps: normal; letter-spacing: normal; text-align: left;\">|\u00a0<\/span><span style=\"font-size: 16px; letter-spacing: 0.4px;\">514-439-8543<\/span><\/b><\/p>\n\t\t\t\t\t\t\t\t<\/div>\n\t\t\t\t<\/div>\n\t\t\t\t<div class=\"elementor-element elementor-element-4749c63 elementor-view-default elementor-invisible elementor-widget elementor-widget-icon\" data-id=\"4749c63\" data-element_type=\"widget\" data-e-type=\"widget\" data-settings=\"{&quot;_animation&quot;:&quot;zoomIn&quot;}\" data-widget_type=\"icon.default\">\n\t\t\t\t<div class=\"elementor-widget-container\">\n\t\t\t\t\t\t\t<div class=\"elementor-icon-wrapper\">\n\t\t\t<a class=\"elementor-icon\" href=\"mailto:hello@precision-ims.com\" target=\"_blank\">\n\t\t\t<i aria-hidden=\"true\" class=\"far fa-envelope\"><\/i>\t\t\t<\/a>\n\t\t<\/div>\n\t\t\t\t\t\t<\/div>\n\t\t\t\t<\/div>\n\t\t\t\t\t<\/div>\n\t\t<\/div>\n\t\t\t\t<div class=\"elementor-column elementor-col-50 elementor-top-column elementor-element elementor-element-f23d657\" data-id=\"f23d657\" data-element_type=\"column\" data-e-type=\"column\">\n\t\t\t<div class=\"elementor-widget-wrap elementor-element-populated\">\n\t\t\t\t\t\t<div class=\"elementor-element elementor-element-41401fc elementor-widget elementor-widget-heading\" data-id=\"41401fc\" data-element_type=\"widget\" data-e-type=\"widget\" data-widget_type=\"heading.default\">\n\t\t\t\t<div class=\"elementor-widget-container\">\n\t\t\t\t\t<h2 class=\"elementor-heading-title elementor-size-default\">Trois-Rivi\u00e8res<br>Atelier Gomex<\/h2>\t\t\t\t<\/div>\n\t\t\t\t<\/div>\n\t\t\t\t<div class=\"elementor-element elementor-element-8007da6 elementor-widget elementor-widget-spacer\" data-id=\"8007da6\" data-element_type=\"widget\" data-e-type=\"widget\" data-widget_type=\"spacer.default\">\n\t\t\t\t<div class=\"elementor-widget-container\">\n\t\t\t\t\t\t\t<div class=\"elementor-spacer\">\n\t\t\t<div class=\"elementor-spacer-inner\"><\/div>\n\t\t<\/div>\n\t\t\t\t\t\t<\/div>\n\t\t\t\t<\/div>\n\t\t\t\t<div class=\"elementor-element elementor-element-86f44a8 elementor-widget elementor-widget-text-editor\" data-id=\"86f44a8\" data-element_type=\"widget\" data-e-type=\"widget\" data-widget_type=\"text-editor.default\">\n\t\t\t\t<div class=\"elementor-widget-container\">\n\t\t\t\t\t\t\t\t\t<p><span style=\"font-size: 17px; letter-spacing: 0.4px;\">517 Rue des Commandants<\/span><\/p>\n<p><span style=\"font-size: 17px; letter-spacing: 0.4px;\">Trois-Rivi\u00e8res, QC\u00a0<\/span><\/p>\n<p>G8T 8Z7<\/p>\n<p><b>T\u00a0<span style=\"color: #202124; font-family: 'Google Sans', Roboto, sans-serif; font-size: 2rem; font-style: normal; font-variant-ligatures: normal; font-variant-caps: normal; letter-spacing: normal; text-align: left;\">|\u00a0<\/span><span style=\"font-size: 16px; letter-spacing: 0.4px;\">819-373-6986<\/span><\/b><\/p>\n\t\t\t\t\t\t\t\t<\/div>\n\t\t\t\t<\/div>\n\t\t\t\t<div class=\"elementor-element elementor-element-265aa04 elementor-view-default elementor-invisible elementor-widget elementor-widget-icon\" data-id=\"265aa04\" data-element_type=\"widget\" data-e-type=\"widget\" data-settings=\"{&quot;_animation&quot;:&quot;zoomIn&quot;}\" data-widget_type=\"icon.default\">\n\t\t\t\t<div class=\"elementor-widget-container\">\n\t\t\t\t\t\t\t<div class=\"elementor-icon-wrapper\">\n\t\t\t<a class=\"elementor-icon\" href=\"mailto:hello@precision-ims.com\" target=\"_blank\">\n\t\t\t<i aria-hidden=\"true\" class=\"far fa-envelope\"><\/i>\t\t\t<\/a>\n\t\t<\/div>\n\t\t\t\t\t\t<\/div>\n\t\t\t\t<\/div>\n\t\t\t\t\t<\/div>\n\t\t<\/div>\n\t\t\t\t\t<\/div>\n\t\t<\/section>\n\t\t\t\t<section class=\"elementor-section elementor-top-section elementor-element elementor-element-c247c34 elementor-section-height-min-height elementor-section-boxed elementor-section-height-default elementor-section-items-middle\" data-id=\"c247c34\" data-element_type=\"section\" data-e-type=\"section\" data-settings=\"{&quot;background_background&quot;:&quot;classic&quot;}\">\n\t\t\t\t\t\t<div class=\"elementor-container elementor-column-gap-wider\">\n\t\t\t\t\t<div class=\"elementor-column elementor-col-50 elementor-top-column elementor-element elementor-element-8af0e44\" data-id=\"8af0e44\" data-element_type=\"column\" data-e-type=\"column\">\n\t\t\t<div class=\"elementor-widget-wrap elementor-element-populated\">\n\t\t\t\t\t\t<div class=\"elementor-element elementor-element-9dde9d0 elementor-widget elementor-widget-heading\" data-id=\"9dde9d0\" data-element_type=\"widget\" data-e-type=\"widget\" data-widget_type=\"heading.default\">\n\t\t\t\t<div class=\"elementor-widget-container\">\n\t\t\t\t\t<h2 class=\"elementor-heading-title elementor-size-default\">Any project?<\/h2>\t\t\t\t<\/div>\n\t\t\t\t<\/div>\n\t\t\t\t<div class=\"elementor-element elementor-element-0573f42 elementor-widget elementor-widget-text-editor\" data-id=\"0573f42\" data-element_type=\"widget\" data-e-type=\"widget\" data-widget_type=\"text-editor.default\">\n\t\t\t\t<div class=\"elementor-widget-container\">\n\t\t\t\t\t\t\t\t\t<p>Send us your quote request.<\/p>\n<p>One of our experts will get back to you shortly!<\/p>\n\t\t\t\t\t\t\t\t<\/div>\n\t\t\t\t<\/div>\n\t\t\t\t<div class=\"elementor-element elementor-element-53a3248 elementor-align-center animated-slow elementor-invisible elementor-widget elementor-widget-button\" data-id=\"53a3248\" data-element_type=\"widget\" data-e-type=\"widget\" data-settings=\"{&quot;_animation&quot;:&quot;fadeInDown&quot;,&quot;_animation_delay&quot;:400}\" data-widget_type=\"button.default\">\n\t\t\t\t<div class=\"elementor-widget-container\">\n\t\t\t\t\t\t\t\t\t<div class=\"elementor-button-wrapper\">\n\t\t\t\t\t<a class=\"elementor-button elementor-button-link elementor-size-sm elementor-animation-shrink\" href=\"mailto:sales@precision-ims.com\">\n\t\t\t\t\t\t<span class=\"elementor-button-content-wrapper\">\n\t\t\t\t\t\t\t\t\t<span class=\"elementor-button-text\">ASK FOR A QUOTE<\/span>\n\t\t\t\t\t<\/span>\n\t\t\t\t\t<\/a>\n\t\t\t\t<\/div>\n\t\t\t\t\t\t\t\t<\/div>\n\t\t\t\t<\/div>\n\t\t\t\t\t<\/div>\n\t\t<\/div>\n\t\t\t\t<div class=\"elementor-column elementor-col-50 elementor-top-column elementor-element elementor-element-89fcb16\" data-id=\"89fcb16\" data-element_type=\"column\" data-e-type=\"column\">\n\t\t\t<div class=\"elementor-widget-wrap elementor-element-populated\">\n\t\t\t\t\t\t<div class=\"elementor-element elementor-element-2408598 elementor-widget elementor-widget-heading\" data-id=\"2408598\" data-element_type=\"widget\" data-e-type=\"widget\" data-widget_type=\"heading.default\">\n\t\t\t\t<div class=\"elementor-widget-container\">\n\t\t\t\t\t<h2 class=\"elementor-heading-title elementor-size-default\">Our services<\/h2>\t\t\t\t<\/div>\n\t\t\t\t<\/div>\n\t\t\t\t<div class=\"elementor-element elementor-element-b117a23 elementor-widget elementor-widget-text-editor\" data-id=\"b117a23\" data-element_type=\"widget\" data-e-type=\"widget\" data-widget_type=\"text-editor.default\">\n\t\t\t\t<div class=\"elementor-widget-container\">\n\t\t\t\t\t\t\t\t\t<p>We are experts in precision machining.<\/p>\n<p>Learn more about our services.<\/p>\n\t\t\t\t\t\t\t\t<\/div>\n\t\t\t\t<\/div>\n\t\t\t\t<div class=\"elementor-element elementor-element-d0367e8 elementor-align-center animated-slow elementor-invisible elementor-widget elementor-widget-button\" data-id=\"d0367e8\" data-element_type=\"widget\" data-e-type=\"widget\" data-settings=\"{&quot;_animation&quot;:&quot;fadeInDown&quot;,&quot;_animation_delay&quot;:400}\" data-widget_type=\"button.default\">\n\t\t\t\t<div class=\"elementor-widget-container\">\n\t\t\t\t\t\t\t\t\t<div class=\"elementor-button-wrapper\">\n\t\t\t\t\t<a class=\"elementor-button elementor-button-link elementor-size-sm elementor-animation-shrink\" href=\"https:\/\/precision-ims.com\/en\/products-and-services\/\">\n\t\t\t\t\t\t<span class=\"elementor-button-content-wrapper\">\n\t\t\t\t\t\t\t\t\t<span class=\"elementor-button-text\">OUR SERVICES<\/span>\n\t\t\t\t\t<\/span>\n\t\t\t\t\t<\/a>\n\t\t\t\t<\/div>\n\t\t\t\t\t\t\t\t<\/div>\n\t\t\t\t<\/div>\n\t\t\t\t\t<\/div>\n\t\t<\/div>\n\t\t\t\t\t<\/div>\n\t\t<\/section>\n\t\t\t\t<section class=\"elementor-section elementor-top-section elementor-element elementor-element-c51a935 elementor-section-height-min-height elementor-section-boxed elementor-section-height-default elementor-section-items-middle\" data-id=\"c51a935\" data-element_type=\"section\" data-e-type=\"section\" data-settings=\"{&quot;background_background&quot;:&quot;classic&quot;}\">\n\t\t\t\t\t\t<div class=\"elementor-container elementor-column-gap-default\">\n\t\t\t\t\t<div class=\"elementor-column elementor-col-100 elementor-top-column elementor-element elementor-element-ef8b0d4\" data-id=\"ef8b0d4\" data-element_type=\"column\" data-e-type=\"column\">\n\t\t\t<div class=\"elementor-widget-wrap elementor-element-populated\">\n\t\t\t\t\t\t<div class=\"elementor-element elementor-element-dbe281e elementor-widget elementor-widget-heading\" data-id=\"dbe281e\" data-element_type=\"widget\" data-e-type=\"widget\" data-widget_type=\"heading.default\">\n\t\t\t\t<div class=\"elementor-widget-container\">\n\t\t\t\t\t<h2 class=\"elementor-heading-title elementor-size-default\">Follow us<\/h2>\t\t\t\t<\/div>\n\t\t\t\t<\/div>\n\t\t\t\t<div class=\"elementor-element elementor-element-ab90590 elementor-view-framed elementor-shape-circle elementor-invisible elementor-widget elementor-widget-icon\" data-id=\"ab90590\" data-element_type=\"widget\" data-e-type=\"widget\" data-settings=\"{&quot;_animation&quot;:&quot;tada&quot;}\" data-widget_type=\"icon.default\">\n\t\t\t\t<div class=\"elementor-widget-container\">\n\t\t\t\t\t\t\t<div class=\"elementor-icon-wrapper\">\n\t\t\t<a class=\"elementor-icon\" href=\"https:\/\/www.linkedin.com\/company\/precision-ims\/\" target=\"_blank\">\n\t\t\t<i aria-hidden=\"true\" class=\"fab fa-linkedin-in\"><\/i>\t\t\t<\/a>\n\t\t<\/div>\n\t\t\t\t\t\t<\/div>\n\t\t\t\t<\/div>\n\t\t\t\t\t<\/div>\n\t\t<\/div>\n\t\t\t\t\t<\/div>\n\t\t<\/section>\n\t\t\t\t<\/div>\n\t\t","protected":false},"excerpt":{"rendered":"<p>Contact and quotes Montreal 2614 Rue Lapierre Lasalle, QC H8N 2W9 T\u00a0|\u00a0514-439-8543 Trois-Rivi\u00e8resAtelier Gomex 517 Rue des Commandants Trois-Rivi\u00e8res, QC\u00a0 G8T 8Z7 T\u00a0|\u00a0819-373-6986 Any project? Send us your quote request. One of our experts will get back to you shortly! ASK FOR A QUOTE Our services We are experts in precision machining. Learn more about [&hellip;]<\/p>\n","protected":false},"author":180478797,"featured_media":0,"parent":0,"menu_order":0,"comment_status":"closed","ping_status":"closed","template":"","meta":{"ocean_post_layout":"","ocean_both_sidebars_style":"","ocean_both_sidebars_content_width":0,"ocean_both_sidebars_sidebars_width":0,"ocean_sidebar":"0","ocean_second_sidebar":"0","ocean_disable_margins":"enable","ocean_add_body_class":"","ocean_shortcode_before_top_bar":"","ocean_shortcode_after_top_bar":"","ocean_shortcode_before_header":"","ocean_shortcode_after_header":"","ocean_has_shortcode":"","ocean_shortcode_after_title":"","ocean_shortcode_before_footer_widgets":"","ocean_shortcode_after_footer_widgets":"","ocean_shortcode_before_footer_bottom":"","ocean_shortcode_after_footer_bottom":"","ocean_display_top_bar":"default","ocean_display_header":"default","ocean_header_style":"","ocean_center_header_left_menu":"0","ocean_custom_header_template":"0","ocean_custom_logo":0,"ocean_custom_retina_logo":0,"ocean_custom_logo_max_width":0,"ocean_custom_logo_tablet_max_width":0,"ocean_custom_logo_mobile_max_width":0,"ocean_custom_logo_max_height":0,"ocean_custom_logo_tablet_max_height":0,"ocean_custom_logo_mobile_max_height":0,"ocean_header_custom_menu":"0","ocean_menu_typo_font_family":"0","ocean_menu_typo_font_subset":"","ocean_menu_typo_font_size":0,"ocean_menu_typo_font_size_tablet":0,"ocean_menu_typo_font_size_mobile":0,"ocean_menu_typo_font_size_unit":"px","ocean_menu_typo_font_weight":"","ocean_menu_typo_font_weight_tablet":"","ocean_menu_typo_font_weight_mobile":"","ocean_menu_typo_transform":"","ocean_menu_typo_transform_tablet":"","ocean_menu_typo_transform_mobile":"","ocean_menu_typo_line_height":0,"ocean_menu_typo_line_height_tablet":0,"ocean_menu_typo_line_height_mobile":0,"ocean_menu_typo_line_height_unit":"","ocean_menu_typo_spacing":0,"ocean_menu_typo_spacing_tablet":0,"ocean_menu_typo_spacing_mobile":0,"ocean_menu_typo_spacing_unit":"","ocean_menu_link_color":"","ocean_menu_link_color_hover":"","ocean_menu_link_color_active":"","ocean_menu_link_background":"","ocean_menu_link_hover_background":"","ocean_menu_link_active_background":"","ocean_menu_social_links_bg":"","ocean_menu_social_hover_links_bg":"","ocean_menu_social_links_color":"","ocean_menu_social_hover_links_color":"","ocean_disable_title":"default","ocean_disable_heading":"default","ocean_post_title":"","ocean_post_subheading":"","ocean_post_title_style":"","ocean_post_title_background_color":"","ocean_post_title_background":0,"ocean_post_title_bg_image_position":"","ocean_post_title_bg_image_attachment":"","ocean_post_title_bg_image_repeat":"","ocean_post_title_bg_image_size":"","ocean_post_title_height":0,"ocean_post_title_bg_overlay":0.5,"ocean_post_title_bg_overlay_color":"","ocean_disable_breadcrumbs":"default","ocean_breadcrumbs_color":"","ocean_breadcrumbs_separator_color":"","ocean_breadcrumbs_links_color":"","ocean_breadcrumbs_links_hover_color":"","ocean_display_footer_widgets":"default","ocean_display_footer_bottom":"default","ocean_custom_footer_template":"0","footnotes":""},"class_list":["post-3897","page","type-page","status-publish","hentry","entry"],"yoast_head":"<!-- This site is optimized with the Yoast SEO plugin v27.5 - https:\/\/yoast.com\/product\/yoast-seo-wordpress\/ -->\n<title>Contact - Ask for a quote - Precision IMS<\/title>\n<meta name=\"description\" content=\"If you have any questions or requests for quotes, please do not hesitate to contact us. We are at your disposal from Monday to Friday.\" \/>\n<meta name=\"robots\" content=\"index, follow, max-snippet:-1, max-image-preview:large, max-video-preview:-1\" \/>\n<link rel=\"canonical\" href=\"https:\/\/precision-ims.com\/en\/contact-and-quotes\/\" \/>\n<meta property=\"og:locale\" content=\"en_US\" \/>\n<meta property=\"og:type\" content=\"article\" \/>\n<meta property=\"og:title\" content=\"Contact - Ask for a quote - Precision IMS\" \/>\n<meta property=\"og:description\" content=\"If you have any questions or requests for quotes, please do not hesitate to contact us. We are at your disposal from Monday to Friday.\" \/>\n<meta property=\"og:url\" content=\"https:\/\/precision-ims.com\/en\/contact-and-quotes\/\" \/>\n<meta property=\"og:site_name\" content=\"Precision IMS\" \/>\n<meta property=\"article:modified_time\" content=\"2021-04-12T19:33:15+00:00\" \/>\n<meta name=\"twitter:card\" content=\"summary_large_image\" \/>\n<script type=\"application\/ld+json\" class=\"yoast-schema-graph\">{\"@context\":\"https:\\\/\\\/schema.org\",\"@graph\":[{\"@type\":\"WebPage\",\"@id\":\"https:\\\/\\\/precision-ims.com\\\/en\\\/contact-and-quotes\\\/\",\"url\":\"https:\\\/\\\/precision-ims.com\\\/en\\\/contact-and-quotes\\\/\",\"name\":\"Contact - Ask for a quote - Precision IMS\",\"isPartOf\":{\"@id\":\"https:\\\/\\\/precision-ims.com\\\/en\\\/#website\"},\"datePublished\":\"2020-10-14T15:05:53+00:00\",\"dateModified\":\"2021-04-12T19:33:15+00:00\",\"description\":\"If you have any questions or requests for quotes, please do not hesitate to contact us. We are at your disposal from Monday to Friday.\",\"breadcrumb\":{\"@id\":\"https:\\\/\\\/precision-ims.com\\\/en\\\/contact-and-quotes\\\/#breadcrumb\"},\"inLanguage\":\"en-US\",\"potentialAction\":[{\"@type\":\"ReadAction\",\"target\":[\"https:\\\/\\\/precision-ims.com\\\/en\\\/contact-and-quotes\\\/\"]}]},{\"@type\":\"BreadcrumbList\",\"@id\":\"https:\\\/\\\/precision-ims.com\\\/en\\\/contact-and-quotes\\\/#breadcrumb\",\"itemListElement\":[{\"@type\":\"ListItem\",\"position\":1,\"name\":\"Accueil\",\"item\":\"https:\\\/\\\/precision-ims.com\\\/en\\\/\"},{\"@type\":\"ListItem\",\"position\":2,\"name\":\"Contact and quotes\"}]},{\"@type\":\"WebSite\",\"@id\":\"https:\\\/\\\/precision-ims.com\\\/en\\\/#website\",\"url\":\"https:\\\/\\\/precision-ims.com\\\/en\\\/\",\"name\":\"Precision IMS\",\"description\":\"Precision IMS, 20 ans d&#039;exp\u00e9rience dans la conception, fabrication et optimisation de moules, pi\u00e8ces m\u00e9talliques et de pr\u00e9cision.\",\"publisher\":{\"@id\":\"https:\\\/\\\/precision-ims.com\\\/en\\\/#organization\"},\"potentialAction\":[{\"@type\":\"SearchAction\",\"target\":{\"@type\":\"EntryPoint\",\"urlTemplate\":\"https:\\\/\\\/precision-ims.com\\\/en\\\/?s={search_term_string}\"},\"query-input\":{\"@type\":\"PropertyValueSpecification\",\"valueRequired\":true,\"valueName\":\"search_term_string\"}}],\"inLanguage\":\"en-US\"},{\"@type\":\"Organization\",\"@id\":\"https:\\\/\\\/precision-ims.com\\\/en\\\/#organization\",\"name\":\"Precision IMS\",\"url\":\"https:\\\/\\\/precision-ims.com\\\/en\\\/\",\"logo\":{\"@type\":\"ImageObject\",\"inLanguage\":\"en-US\",\"@id\":\"https:\\\/\\\/precision-ims.com\\\/en\\\/#\\\/schema\\\/logo\\\/image\\\/\",\"url\":\"https:\\\/\\\/precision-ims.com\\\/wp-content\\\/uploads\\\/2020\\\/05\\\/Precision-IMS-PNG-Couleur.png\",\"contentUrl\":\"https:\\\/\\\/precision-ims.com\\\/wp-content\\\/uploads\\\/2020\\\/05\\\/Precision-IMS-PNG-Couleur.png\",\"width\":850,\"height\":850,\"caption\":\"Precision IMS\"},\"image\":{\"@id\":\"https:\\\/\\\/precision-ims.com\\\/en\\\/#\\\/schema\\\/logo\\\/image\\\/\"},\"sameAs\":[\"https:\\\/\\\/www.linkedin.com\\\/company\\\/usinage-multiconcept\\\/\"]}]}<\/script>\n<!-- \/ Yoast SEO plugin. -->","yoast_head_json":{"title":"Contact - Ask for a quote - Precision IMS","description":"If you have any questions or requests for quotes, please do not hesitate to contact us. We are at your disposal from Monday to Friday.","robots":{"index":"index","follow":"follow","max-snippet":"max-snippet:-1","max-image-preview":"max-image-preview:large","max-video-preview":"max-video-preview:-1"},"canonical":"https:\/\/precision-ims.com\/en\/contact-and-quotes\/","og_locale":"en_US","og_type":"article","og_title":"Contact - Ask for a quote - Precision IMS","og_description":"If you have any questions or requests for quotes, please do not hesitate to contact us. We are at your disposal from Monday to Friday.","og_url":"https:\/\/precision-ims.com\/en\/contact-and-quotes\/","og_site_name":"Precision IMS","article_modified_time":"2021-04-12T19:33:15+00:00","twitter_card":"summary_large_image","schema":{"@context":"https:\/\/schema.org","@graph":[{"@type":"WebPage","@id":"https:\/\/precision-ims.com\/en\/contact-and-quotes\/","url":"https:\/\/precision-ims.com\/en\/contact-and-quotes\/","name":"Contact - Ask for a quote - Precision IMS","isPartOf":{"@id":"https:\/\/precision-ims.com\/en\/#website"},"datePublished":"2020-10-14T15:05:53+00:00","dateModified":"2021-04-12T19:33:15+00:00","description":"If you have any questions or requests for quotes, please do not hesitate to contact us. We are at your disposal from Monday to Friday.","breadcrumb":{"@id":"https:\/\/precision-ims.com\/en\/contact-and-quotes\/#breadcrumb"},"inLanguage":"en-US","potentialAction":[{"@type":"ReadAction","target":["https:\/\/precision-ims.com\/en\/contact-and-quotes\/"]}]},{"@type":"BreadcrumbList","@id":"https:\/\/precision-ims.com\/en\/contact-and-quotes\/#breadcrumb","itemListElement":[{"@type":"ListItem","position":1,"name":"Accueil","item":"https:\/\/precision-ims.com\/en\/"},{"@type":"ListItem","position":2,"name":"Contact and quotes"}]},{"@type":"WebSite","@id":"https:\/\/precision-ims.com\/en\/#website","url":"https:\/\/precision-ims.com\/en\/","name":"Precision IMS","description":"Precision IMS, 20 ans d&#039;exp\u00e9rience dans la conception, fabrication et optimisation de moules, pi\u00e8ces m\u00e9talliques et de pr\u00e9cision.","publisher":{"@id":"https:\/\/precision-ims.com\/en\/#organization"},"potentialAction":[{"@type":"SearchAction","target":{"@type":"EntryPoint","urlTemplate":"https:\/\/precision-ims.com\/en\/?s={search_term_string}"},"query-input":{"@type":"PropertyValueSpecification","valueRequired":true,"valueName":"search_term_string"}}],"inLanguage":"en-US"},{"@type":"Organization","@id":"https:\/\/precision-ims.com\/en\/#organization","name":"Precision IMS","url":"https:\/\/precision-ims.com\/en\/","logo":{"@type":"ImageObject","inLanguage":"en-US","@id":"https:\/\/precision-ims.com\/en\/#\/schema\/logo\/image\/","url":"https:\/\/precision-ims.com\/wp-content\/uploads\/2020\/05\/Precision-IMS-PNG-Couleur.png","contentUrl":"https:\/\/precision-ims.com\/wp-content\/uploads\/2020\/05\/Precision-IMS-PNG-Couleur.png","width":850,"height":850,"caption":"Precision IMS"},"image":{"@id":"https:\/\/precision-ims.com\/en\/#\/schema\/logo\/image\/"},"sameAs":["https:\/\/www.linkedin.com\/company\/usinage-multiconcept\/"]}]}},"_links":{"self":[{"href":"https:\/\/precision-ims.com\/en\/wp-json\/wp\/v2\/pages\/3897","targetHints":{"allow":["GET"]}}],"collection":[{"href":"https:\/\/precision-ims.com\/en\/wp-json\/wp\/v2\/pages"}],"about":[{"href":"https:\/\/precision-ims.com\/en\/wp-json\/wp\/v2\/types\/page"}],"author":[{"embeddable":true,"href":"https:\/\/precision-ims.com\/en\/wp-json\/wp\/v2\/users\/180478797"}],"replies":[{"embeddable":true,"href":"https:\/\/precision-ims.com\/en\/wp-json\/wp\/v2\/comments?post=3897"}],"version-history":[{"count":10,"href":"https:\/\/precision-ims.com\/en\/wp-json\/wp\/v2\/pages\/3897\/revisions"}],"predecessor-version":[{"id":5997,"href":"https:\/\/precision-ims.com\/en\/wp-json\/wp\/v2\/pages\/3897\/revisions\/5997"}],"wp:attachment":[{"href":"https:\/\/precision-ims.com\/en\/wp-json\/wp\/v2\/media?parent=3897"}],"curies":[{"name":"wp","href":"https:\/\/api.w.org\/{rel}","templated":true}]}}